{"id":9,"date":"2019-11-06T14:02:38","date_gmt":"2019-11-06T14:02:38","guid":{"rendered":"http:\/\/till-educonsult.de\/?page_id=9"},"modified":"2025-12-19T11:53:11","modified_gmt":"2025-12-19T10:53:11","slug":"ueber-mich","status":"publish","type":"page","link":"http:\/\/till-educonsult.de\/?page_id=9","title":{"rendered":"\u00dcber mich"},"content":{"rendered":"\n<p><strong>Dipl.-Ing. Uwe Till<\/strong><\/p>\n\n\n\n<p>Ich arbeite als Coach, Supervisor, Trainer und Organisationsentwickler.<\/p>\n\n\n\n<p>Meiner T\u00e4tigkeit liegt eine solide Ausbildung als Coach Supervisor und Lehrsupervisor nach den Standards der EASC (European Association for Supervision and Coaching) zugrunde. Als Coach bin ich durch die IHK zertifiziert.<\/p>\n\n\n\n<p>Ich verf\u00fcge \u00fcber langj\u00e4hrige Erfahrung als F\u00fchrungskraft in Schule und Schulverwaltung.<\/p>\n\n\n\n<p>Als Lehrer an einer berufsbildenden Schule in Hannover habe ich umfassende p\u00e4dagogische F\u00e4higkeiten entwickelt, die ich als Fachberater in der Schulaufsicht an andere Schulen und Kollegien weitegeben konnte. Zu meinen Aufgaben geh\u00f6rte dabei u. a. die Weiterentwicklung der Schul- und Unterrichtsqualit\u00e4t.<\/p>\n\n\n\n<p>Nach mehrj\u00e4hriger Zugeh\u00f6rigkeit zur Schulleitung habe ich Aufgaben in der neu gegr\u00fcndete Nieders\u00e4chsischen Schulinspektion \u00fcbernommen. Diese habe ich als Leiter der Abteilung Evaluation und Schulinspektion im Nieders\u00e4chsischen Landesinstitut f\u00fcr schulische Qualit\u00e4tsentwicklung (NLQ) mehrere Jahre verantwortlich geleitet.<\/p>\n\n\n\n<p>Seit 2019 arbeite ich ausschlie\u00dflich freiberuflich.<\/p>\n\n\n\n<p><\/p>\n\n\n\n<figure class=\"wp-block-image size-large\"><img loading=\"lazy\" decoding=\"async\" width=\"295\" height=\"345\" src=\"http:\/\/till-educonsult.de\/wp-content\/uploads\/2019\/11\/Uwe_skl-1.jpg\" alt=\"\" class=\"wp-image-55\" srcset=\"http:\/\/till-educonsult.de\/wp-content\/uploads\/2019\/11\/Uwe_skl-1.jpg 295w, http:\/\/till-educonsult.de\/wp-content\/uploads\/2019\/11\/Uwe_skl-1-257x300.jpg 257w\" sizes=\"auto, (max-width: 295px) 100vw, 295px\" \/><\/figure>\n","protected":false},"excerpt":{"rendered":"<p>Dipl.-Ing. Uwe Till Ich arbeite als Coach, Supervisor, Trainer und Organisationsentwickler. Meiner T\u00e4tigkeit liegt eine solide Ausbildung als Coach Supervisor und Lehrsupervisor nach den Standards der EASC (European Association for Supervision and Coaching) zugrunde. Als Coach bin ich durch die IHK zertifiziert. Ich verf\u00fcge \u00fcber langj\u00e4hrige Erfahrung als F\u00fchrungskraft in Schule und Schulverwaltung. Als Lehrer &hellip; <\/p>\n<p class=\"link-more\"><a href=\"http:\/\/till-educonsult.de\/?page_id=9\" class=\"more-link\"><span class=\"screen-reader-text\">\u201e\u00dcber mich\u201c <\/span>weiterlesen<\/a><\/p>\n","protected":false},"author":1,"featured_media":0,"parent":0,"menu_order":0,"comment_status":"closed","ping_status":"closed","template":"","meta":{"footnotes":""},"class_list":["post-9","page","type-page","status-publish","hentry"],"_links":{"self":[{"href":"http:\/\/till-educonsult.de\/index.php?rest_route=\/wp\/v2\/pages\/9","targetHints":{"allow":["GET"]}}],"collection":[{"href":"http:\/\/till-educonsult.de\/index.php?rest_route=\/wp\/v2\/pages"}],"about":[{"href":"http:\/\/till-educonsult.de\/index.php?rest_route=\/wp\/v2\/types\/page"}],"author":[{"embeddable":true,"href":"http:\/\/till-educonsult.de\/index.php?rest_route=\/wp\/v2\/users\/1"}],"replies":[{"embeddable":true,"href":"http:\/\/till-educonsult.de\/index.php?rest_route=%2Fwp%2Fv2%2Fcomments&post=9"}],"version-history":[{"count":14,"href":"http:\/\/till-educonsult.de\/index.php?rest_route=\/wp\/v2\/pages\/9\/revisions"}],"predecessor-version":[{"id":125,"href":"http:\/\/till-educonsult.de\/index.php?rest_route=\/wp\/v2\/pages\/9\/revisions\/125"}],"wp:attachment":[{"href":"http:\/\/till-educonsult.de\/index.php?rest_route=%2Fwp%2Fv2%2Fmedia&parent=9"}],"curies":[{"name":"wp","href":"https:\/\/api.w.org\/{rel}","templated":true}]}}